{"id":1912,"date":"2016-05-16T01:40:40","date_gmt":"2016-05-16T01:40:40","guid":{"rendered":"http:\/\/vdm.le3.ca\/en\/a-propos\/"},"modified":"2024-06-10T16:29:43","modified_gmt":"2024-06-10T20:29:43","slug":"about","status":"publish","type":"page","link":"https:\/\/vdmglobal.com\/en\/about\/","title":{"rendered":"About"},"content":{"rendered":"<p><div class=\"fusion-fullwidth fullwidth-box fusion-builder-row-1 fusion-parallax-none nonhundred-percent-fullwidth non-hundred-percent-height-scrolling fusion-equal-height-columns\" style=\"--awb-background-position:left top;--awb-border-sizes-top:0px;--awb-border-sizes-bottom:0px;--awb-border-sizes-left:0px;--awb-border-sizes-right:0px;--awb-border-radius-top-left:0px;--awb-border-radius-top-right:0px;--awb-border-radius-bottom-right:0px;--awb-border-radius-bottom-left:0px;--awb-padding-top:30px;--awb-padding-bottom:0px;--awb-background-image:url(&quot;http:\/\/vdmglobal.com\/wp-content\/uploads\/2016\/04\/accueil_quiEtesVous_1600x1157_bleu75.jpg&quot;);--awb-background-size:cover;--awb-flex-wrap:wrap;\" ><div class=\"fusion-builder-row fusion-row\"><div class=\"fusion-layout-column fusion_builder_column fusion-builder-column-0 fusion_builder_column_1_6 1_6 fusion-one-sixth fusion-column-first\" style=\"--awb-bg-size:cover;width:13.3333%; margin-right: 4%;\"><div class=\"fusion-column-wrapper fusion-flex-column-wrapper-legacy\"><div class=\"fusion-clearfix\"><\/div><\/div><\/div><div class=\"fusion-layout-column fusion_builder_column fusion-builder-column-1 fusion_builder_column_2_3 2_3 fusion-two-third\" style=\"--awb-padding-top:20px;--awb-padding-right:20px;--awb-padding-bottom:20px;--awb-padding-left:20px;--awb-bg-size:cover;width:65.3333%; margin-right: 4%;\"><div class=\"fusion-column-wrapper fusion-flex-column-wrapper-legacy\"><div class=\"fusion-text fusion-text-1\"><h6 style=\"text-align: justify;\"><span style=\"color: #ffffff;\">VDM Global DMC is a Destination Management Company which caters to the Tour &amp; Travel Industry and the Meetings Industry by offering event and tour planning services since its foundation in Montr\u00e9al in 1975. <\/span><\/h6>\n<p style=\"text-align: justify;\"><span style=\"color: #ffffff;\">Our passion for travel and our extensive knowledge of the tourism and events products contributed to the constant development of the company and our Canadian products. As specialists of tailor-made itineraries and events, we work with a diverse clientele of Tour &amp; Travel professionals, Convention and Meeting Planners, as well as individual tourists. <\/span><\/p>\n<p style=\"text-align: justify;\"><span style=\"color: #ffffff;\">Whether you are looking for a custom itinerary to explore Qu\u00e9bec and Ontario, a post-cruise travel in the Maritimes, a private culinary tour in Montr\u00e9al or planning a memorable evening, our dynamic and creative team will provide you with a personalized approach and will strive to go above and beyond your expectations.\u00a0<\/span><\/p>\n<p style=\"text-align: justify;\"><span style=\"color: #ffffff;\">Currently, VDM continues to expand through its partnership with Destination North America, the leading ground handler for cruise liners in North America.<br \/>\n<\/span><\/p>\n<\/div><div class=\"fusion-clearfix\"><\/div><\/div><\/div><div class=\"fusion-layout-column fusion_builder_column fusion-builder-column-2 fusion_builder_column_1_6 1_6 fusion-one-sixth fusion-column-last\" style=\"--awb-bg-size:cover;width:13.3333%;\"><div class=\"fusion-column-wrapper fusion-flex-column-wrapper-legacy\"><div class=\"fusion-clearfix\"><\/div><\/div><\/div><\/div><\/div><div id=\"contact\" class=\"fusion-container-anchor\"><div class=\"fusion-bg-parallax\" data-bg-align=\"left center\" data-direction=\"down\" data-mute=\"false\" data-opacity=\"100\" data-velocity=\"-0.3\" data-mobile-enabled=\"false\" data-break_parents=\"0\" data-bg-image=\"http:\/\/vdmglobal.com\/wp-content\/uploads\/2016\/08\/test.jpg\" data-bg-repeat=\"false\" ><\/div><div class=\"fusion-fullwidth fullwidth-box fusion-builder-row-2 fusion-parallax-down hundred-percent-fullwidth non-hundred-percent-height-scrolling\" style=\"--awb-background-position:left center;--awb-border-sizes-top:0px;--awb-border-sizes-bottom:0px;--awb-border-sizes-left:0px;--awb-border-sizes-right:0px;--awb-border-radius-top-left:0px;--awb-border-radius-top-right:0px;--awb-border-radius-bottom-right:0px;--awb-border-radius-bottom-left:0px;--awb-padding-top:20px;--awb-padding-right:0px;--awb-padding-bottom:0px;--awb-padding-left:0px;--awb-background-image:url(&quot;http:\/\/vdmglobal.com\/wp-content\/uploads\/2016\/08\/test.jpg&quot;);--awb-background-size:cover;--awb-flex-wrap:wrap;\" ><div class=\"fusion-builder-row fusion-row\"><div class=\"fusion-layout-column fusion_builder_column fusion-builder-column-3 fusion_builder_column_1_5 1_5 fusion-one-fifth fusion-column-first\" style=\"--awb-bg-size:cover;width:16.8%; margin-right: 4%;\"><div class=\"fusion-column-wrapper fusion-flex-column-wrapper-legacy\"><div class=\"fusion-clearfix\"><\/div><\/div><\/div><div class=\"fusion-layout-column fusion_builder_column fusion-builder-column-4 fusion_builder_column_3_5 3_5 fusion-three-fifth\" style=\"--awb-bg-color:#264456;--awb-bg-color-hover:#264456;--awb-bg-size:cover;--awb-margin-top:20px;width:58.4%; margin-right: 4%;\"><div class=\"fusion-column-wrapper fusion-flex-column-wrapper-legacy\"><div class=\"fusion-text fusion-text-2\" style=\"--awb-margin-top:20px;\"><h2 style=\"text-align: center;\"><span style=\"color: #ffffff;\"><div class=\"fusion-sep-clear\"><\/div><div class=\"fusion-separator fusion-full-width-sep\" style=\"margin-left: auto;margin-right: auto;margin-top:50px;width:100%;\"><\/div><div class=\"fusion-sep-clear\"><\/div>Contact us<\/span><\/h2>\n<\/div><div class=\"fusion-clearfix\"><\/div><\/div><\/div><div class=\"fusion-layout-column fusion_builder_column fusion-builder-column-5 fusion_builder_column_1_5 1_5 fusion-one-fifth fusion-column-last\" style=\"--awb-bg-size:cover;width:16.8%;\"><div class=\"fusion-column-wrapper fusion-flex-column-wrapper-legacy\"><div class=\"fusion-clearfix\"><\/div><\/div><\/div><div class=\"fusion-layout-column fusion_builder_column fusion-builder-column-6 fusion_builder_column_1_5 1_5 fusion-one-fifth fusion-column-first\" style=\"--awb-bg-size:cover;width:16.8%; margin-right: 4%;\"><div class=\"fusion-column-wrapper fusion-flex-column-wrapper-legacy\"><div class=\"fusion-clearfix\"><\/div><\/div><\/div><div class=\"fusion-layout-column fusion_builder_column fusion-builder-column-7 fusion_builder_column_1_5 1_5 fusion-one-fifth\" style=\"--awb-bg-size:cover;width:16.8%; margin-right: 4%;\"><div class=\"fusion-column-wrapper fusion-flex-column-wrapper-legacy\"><div class=\"fusion-content-boxes content-boxes columns row fusion-columns-1 fusion-columns-total-1 fusion-content-boxes-1 content-boxes-clean-vertical content-left content-boxes-icon-on-top contact\" style=\"--awb-backgroundcolor:#ededed;--awb-title-color:#264456;--awb-iconcolor:#ffffff;--awb-margin-bottom:0px;--awb-hover-accent-color:#5e9fb5;--awb-circle-hover-accent-color:#5e9fb5;--awb-item-margin-bottom:40px;\" data-animationOffset=\"top-into-view\"><div style=\"--awb-backgroundcolor:#ededed;--awb-iconcolor:#ffffff;border-color:rgba(255,255,255,0);\" class=\"fusion-column content-box-column content-box-column content-box-column-1 col-lg-12 col-md-12 col-sm-12 fusion-content-box-hover content-box-column-last content-box-column-last-in-row\"><div class=\"col content-box-wrapper content-wrapper-background link-area-link-icon icon-hover-animation-pulsate\" data-animationOffset=\"top-into-view\"><div class=\"heading heading-with-icon icon-left\"><div class=\"icon\"><i style=\"border-color:#333333;border-width:1px;background-color:#264456;box-sizing:content-box;height:60px;width:60px;line-height:60px;border-radius:50%;font-size:30px;\" aria-hidden=\"true\" class=\"fontawesome-icon fa fa-phone-square circle-yes\"><\/i><\/div><h2 class=\"content-box-heading\" style=\"--h2_typography-font-size:25px;line-height:30px;\">Phone<\/h2><\/div><div class=\"fusion-clearfix\"><\/div><div class=\"content-container\">1 514 933-6674<br \/>\n1 800 455-6674<\/div><\/div><\/div><div class=\"fusion-clearfix\"><\/div><\/div><div class=\"fusion-clearfix\"><\/div><\/div><\/div><div class=\"fusion-layout-column fusion_builder_column fusion-builder-column-8 fusion_builder_column_1_5 1_5 fusion-one-fifth\" style=\"--awb-bg-size:cover;width:16.8%; margin-right: 4%;\"><div class=\"fusion-column-wrapper fusion-flex-column-wrapper-legacy\"><div class=\"fusion-content-boxes content-boxes columns row fusion-columns-1 fusion-columns-total-1 fusion-content-boxes-2 content-boxes-clean-vertical content-left content-boxes-icon-on-top contact\" style=\"--awb-backgroundcolor:#ededed;--awb-title-color:#264456;--awb-iconcolor:#ffffff;--awb-margin-bottom:0px;--awb-hover-accent-color:#5e9fb5;--awb-circle-hover-accent-color:#5e9fb5;--awb-item-margin-bottom:40px;\" data-animationOffset=\"top-into-view\"><div style=\"--awb-backgroundcolor:#ededed;--awb-iconcolor:#ffffff;border-color:rgba(255,255,255,0);\" class=\"fusion-column content-box-column content-box-column content-box-column-1 col-lg-12 col-md-12 col-sm-12 fusion-content-box-hover content-box-column-last content-box-column-last-in-row\"><div class=\"col content-box-wrapper content-wrapper-background link-area-link-icon icon-hover-animation-pulsate\" data-animationOffset=\"top-into-view\"><div class=\"heading heading-with-icon icon-left\"><div class=\"icon\"><i style=\"border-color:#333333;border-width:1px;background-color:#264456;box-sizing:content-box;height:60px;width:60px;line-height:60px;border-radius:50%;font-size:30px;\" aria-hidden=\"true\" class=\"fontawesome-icon fa fa-envelope circle-yes\"><\/i><\/div><h2 class=\"content-box-heading\" style=\"--h2_typography-font-size:25px;line-height:30px;\">Email<\/h2><\/div><div class=\"fusion-clearfix\"><\/div><div class=\"content-container\"><a href=\"mailto:info@vdmglobal.com\">Info@vdmglobal.com<\/a><\/div><\/div><\/div><div class=\"fusion-clearfix\"><\/div><\/div><div class=\"fusion-clearfix\"><\/div><\/div><\/div><div class=\"fusion-layout-column fusion_builder_column fusion-builder-column-9 fusion_builder_column_1_5 1_5 fusion-one-fifth\" style=\"--awb-bg-size:cover;width:16.8%; margin-right: 4%;\"><div class=\"fusion-column-wrapper fusion-flex-column-wrapper-legacy\"><div class=\"fusion-content-boxes content-boxes columns row fusion-columns-1 fusion-columns-total-1 fusion-content-boxes-3 content-boxes-clean-vertical content-left content-boxes-icon-on-top contact\" style=\"--awb-backgroundcolor:#ededed;--awb-title-color:#264456;--awb-iconcolor:#ffffff;--awb-margin-bottom:0px;--awb-hover-accent-color:#5e9fb5;--awb-circle-hover-accent-color:#5e9fb5;--awb-item-margin-bottom:40px;\" data-animationOffset=\"top-into-view\"><div style=\"--awb-backgroundcolor:#ededed;--awb-iconcolor:#ffffff;border-color:rgba(255,255,255,0);\" class=\"fusion-column content-box-column content-box-column content-box-column-1 col-lg-12 col-md-12 col-sm-12 fusion-content-box-hover content-box-column-last content-box-column-last-in-row\"><div class=\"col content-box-wrapper content-wrapper-background link-area-link-icon icon-hover-animation-pulsate\" data-animationOffset=\"top-into-view\"><div class=\"heading heading-with-icon icon-left\"><div class=\"icon\"><i style=\"border-color:#333333;border-width:1px;background-color:#264456;box-sizing:content-box;height:60px;width:60px;line-height:60px;border-radius:50%;font-size:30px;\" aria-hidden=\"true\" class=\"fontawesome-icon fa fa-map circle-yes\"><\/i><\/div><h2 class=\"content-box-heading\" style=\"--h2_typography-font-size:25px;line-height:30px;\">Address<\/h2><\/div><div class=\"fusion-clearfix\"><\/div><div class=\"content-container\">2360 rue Notre-Dame Ouest,<br \/>\nSuite 203<br \/>\nMontr\u00e9al (Qc) H3J 1N4<\/div><\/div><\/div><div class=\"fusion-clearfix\"><\/div><\/div><div class=\"fusion-clearfix\"><\/div><\/div><\/div><div class=\"fusion-layout-column fusion_builder_column fusion-builder-column-10 fusion_builder_column_1_5 1_5 fusion-one-fifth fusion-column-last\" style=\"--awb-bg-size:cover;width:16.8%;\"><div class=\"fusion-column-wrapper fusion-flex-column-wrapper-legacy\"><div class=\"fusion-clearfix\"><\/div><\/div><\/div><\/div><\/div><\/div><div class=\"fusion-fullwidth fullwidth-box fusion-builder-row-3 hundred-percent-fullwidth non-hundred-percent-height-scrolling\" style=\"--awb-border-radius-top-left:0px;--awb-border-radius-top-right:0px;--awb-border-radius-bottom-right:0px;--awb-border-radius-bottom-left:0px;--awb-overflow:visible;--awb-padding-right:0px;--awb-padding-left:0px;--awb-flex-wrap:wrap;\" ><div class=\"fusion-builder-row fusion-row\"><div class=\"fusion-layout-column fusion_builder_column fusion-builder-column-11 fusion_builder_column_1_1 1_1 fusion-one-full fusion-column-first fusion-column-last fusion-column-no-min-height\" style=\"--awb-bg-size:cover;--awb-margin-bottom:0px;\"><div class=\"fusion-column-wrapper fusion-flex-column-wrapper-legacy\">\t\t\t\t\t<script type=\"text\/javascript\">\n\t\t\t\t\t\tvar map_fusion_map_69e1a4d9e501d;\n\t\t\t\t\t\tvar markers = [];\n\t\t\t\t\t\tvar counter = 0;\n\t\t\t\t\t\t\t\t\t\t\t\t\t\t\t\t\t\t\t\tvar fusionMapNonce = '124d5a62f3';\n\t\t\t\t\t\t\t\t\t\t\t\tfunction fusion_run_map_fusion_map_69e1a4d9e501d() {\n\t\t\t\t\t\t\tjQuery ('#fusion_map_69e1a4d9e501d' ).fusion_maps( {\n\t\t\t\t\t\t\t\taddresses: [{\"address\":\"45.483866, -73.57366\",\"infobox_content\":\"2360 rue Notre-Dame Ouest, Suite 203<br \\\/>\\\\nMontr\\u00e9al (Qu\\u00e9bec) H3J 1N4\",\"coordinates\":true,\"latitude\":\"45.483866\",\"longitude\":\" -73.57366\",\"cache\":true,\"geocoded_address\":\"45.483866, -73.57366\"}],\n\t\t\t\t\t\t\t\tanimations: true,\n\t\t\t\t\t\t\t\tinfobox_background_color: '',\n\t\t\t\t\t\t\t\tinfobox_styling: 'default',\n\t\t\t\t\t\t\t\tinfobox_text_color: '',\n\t\t\t\t\t\t\t\tmap_style: 'custom',\n\t\t\t\t\t\t\t\tmap_type: 'roadmap',\n\t\t\t\t\t\t\t\tmarker_icon: '',\n\t\t\t\t\t\t\t\toverlay_color: '#9dcbf9',\n\t\t\t\t\t\t\t\toverlay_color_hsl: {\"hue\":210,\"sat\":88,\"lum\":80},\n\t\t\t\t\t\t\t\tshow_address: true,\n\t\t\t\t\t\t\t\tscale_control: true,\n\t\t\t\t\t\t\t\tscrollwheel: false,\n\t\t\t\t\t\t\t\tzoom: 16,\n\t\t\t\t\t\t\t\tzoom_control: true,\n\t\t\t\t\t\t\t} );\n\t\t\t\t\t\t}\n\n\t\t\t\t\t\tgoogle.maps.event.addDomListener(window, 'load', fusion_run_map_fusion_map_69e1a4d9e501d);\n\t\t\t\t\t<\/script>\n\t\t\t\t\t<div class=\"shortcode-map fusion-google-map fusion-maps-js-type\" style=\"--awb-height:500px;\" id=\"fusion_map_69e1a4d9e501d\"><\/div><div class=\"fusion-clearfix\"><\/div><\/div><\/div><\/div><\/div><\/p>\n","protected":false},"excerpt":{"rendered":"","protected":false},"author":4,"featured_media":0,"parent":0,"menu_order":0,"comment_status":"closed","ping_status":"closed","template":"100-width.php","meta":{"footnotes":""},"class_list":["post-1912","page","type-page","status-publish","hentry"],"yoast_head":"<!-- This site is optimized with the Yoast SEO plugin v26.8 - https:\/\/yoast.com\/product\/yoast-seo-wordpress\/ -->\n<title>About VDM Global DMC - Our passions: tourism and travel DMC | MICE | Tours<\/title>\n<meta name=\"description\" content=\"About VDM Global DMC: Our dedication and our comprehensive knowledge of the tourism and events product are the key to our constant development.\" \/>\n<meta name=\"robots\" content=\"index, follow, max-snippet:-1, max-image-preview:large, max-video-preview:-1\" \/>\n<link rel=\"canonical\" href=\"https:\/\/vdmglobal.com\/en\/about\/\" \/>\n<meta property=\"og:locale\" content=\"en_US\" \/>\n<meta property=\"og:type\" content=\"article\" \/>\n<meta property=\"og:title\" content=\"\u00c0 propos de VDM Global\" \/>\n<meta property=\"og:description\" content=\"Notre passion des voyages et notre grande connaissance du produit touristique et \u00e9v\u00e9nementiel a contribu\u00e9 au d\u00e9veloppement constant de l\u2019entreprise et de nos produits canadiens.\" \/>\n<meta property=\"og:url\" content=\"https:\/\/vdmglobal.com\/en\/about\/\" \/>\n<meta property=\"og:site_name\" content=\"VDM Global | DMC | MICE | Tours\" \/>\n<meta property=\"article:publisher\" content=\"https:\/\/www.facebook.com\/VDMGlobalDMC\/\" \/>\n<meta property=\"article:modified_time\" content=\"2024-06-10T20:29:43+00:00\" \/>\n<meta property=\"og:image\" content=\"https:\/\/vdmglobal.com\/wp-content\/uploads\/2016\/08\/Logo_VDM_300dpi_grand.jpg\" \/>\n\t<meta property=\"og:image:width\" content=\"900\" \/>\n\t<meta property=\"og:image:height\" content=\"651\" \/>\n\t<meta property=\"og:image:type\" content=\"image\/jpeg\" \/>\n<meta name=\"twitter:card\" content=\"summary_large_image\" \/>\n<meta name=\"twitter:label1\" content=\"Est. reading time\" \/>\n\t<meta name=\"twitter:data1\" content=\"7 minutes\" \/>\n<script type=\"application\/ld+json\" class=\"yoast-schema-graph\">{\"@context\":\"https:\/\/schema.org\",\"@graph\":[{\"@type\":\"WebPage\",\"@id\":\"https:\/\/vdmglobal.com\/en\/about\/\",\"url\":\"https:\/\/vdmglobal.com\/en\/about\/\",\"name\":\"About VDM Global DMC - Our passions: tourism and travel DMC | MICE | Tours\",\"isPartOf\":{\"@id\":\"https:\/\/vdmglobal.com\/en\/#website\"},\"datePublished\":\"2016-05-16T01:40:40+00:00\",\"dateModified\":\"2024-06-10T20:29:43+00:00\",\"description\":\"About VDM Global DMC: Our dedication and our comprehensive knowledge of the tourism and events product are the key to our constant development.\",\"breadcrumb\":{\"@id\":\"https:\/\/vdmglobal.com\/en\/about\/#breadcrumb\"},\"inLanguage\":\"en-US\",\"potentialAction\":[{\"@type\":\"ReadAction\",\"target\":[\"https:\/\/vdmglobal.com\/en\/about\/\"]}]},{\"@type\":\"BreadcrumbList\",\"@id\":\"https:\/\/vdmglobal.com\/en\/about\/#breadcrumb\",\"itemListElement\":[{\"@type\":\"ListItem\",\"position\":1,\"name\":\"Accueil\",\"item\":\"https:\/\/vdmglobal.com\/en\/\"},{\"@type\":\"ListItem\",\"position\":2,\"name\":\"About\"}]},{\"@type\":\"WebSite\",\"@id\":\"https:\/\/vdmglobal.com\/en\/#website\",\"url\":\"https:\/\/vdmglobal.com\/en\/\",\"name\":\"VDM Global | DMC | MICE | Tours\",\"description\":\"Your partner in organizing the most spectacular events in Montreal, Ottawa, Toronto, Vancouver &amp; San Francisco\",\"publisher\":{\"@id\":\"https:\/\/vdmglobal.com\/en\/#organization\"},\"potentialAction\":[{\"@type\":\"SearchAction\",\"target\":{\"@type\":\"EntryPoint\",\"urlTemplate\":\"https:\/\/vdmglobal.com\/en\/?s={search_term_string}\"},\"query-input\":{\"@type\":\"PropertyValueSpecification\",\"valueRequired\":true,\"valueName\":\"search_term_string\"}}],\"inLanguage\":\"en-US\"},{\"@type\":\"Organization\",\"@id\":\"https:\/\/vdmglobal.com\/en\/#organization\",\"name\":\"VDM Global\",\"url\":\"https:\/\/vdmglobal.com\/en\/\",\"logo\":{\"@type\":\"ImageObject\",\"inLanguage\":\"en-US\",\"@id\":\"https:\/\/vdmglobal.com\/en\/#\/schema\/logo\/image\/\",\"url\":\"https:\/\/vdmglobal.com\/wp-content\/uploads\/2016\/04\/icones_accueil_VDM-concierge.png\",\"contentUrl\":\"https:\/\/vdmglobal.com\/wp-content\/uploads\/2016\/04\/icones_accueil_VDM-concierge.png\",\"width\":216,\"height\":216,\"caption\":\"VDM Global\"},\"image\":{\"@id\":\"https:\/\/vdmglobal.com\/en\/#\/schema\/logo\/image\/\"},\"sameAs\":[\"https:\/\/www.facebook.com\/VDMGlobalDMC\/\",\"https:\/\/www.linkedin.com\/company\/3788289\"]}]}<\/script>\n<!-- \/ Yoast SEO plugin. -->","yoast_head_json":{"title":"About VDM Global DMC - Our passions: tourism and travel DMC | MICE | Tours","description":"About VDM Global DMC: Our dedication and our comprehensive knowledge of the tourism and events product are the key to our constant development.","robots":{"index":"index","follow":"follow","max-snippet":"max-snippet:-1","max-image-preview":"max-image-preview:large","max-video-preview":"max-video-preview:-1"},"canonical":"https:\/\/vdmglobal.com\/en\/about\/","og_locale":"en_US","og_type":"article","og_title":"\u00c0 propos de VDM Global","og_description":"Notre passion des voyages et notre grande connaissance du produit touristique et \u00e9v\u00e9nementiel a contribu\u00e9 au d\u00e9veloppement constant de l\u2019entreprise et de nos produits canadiens.","og_url":"https:\/\/vdmglobal.com\/en\/about\/","og_site_name":"VDM Global | DMC | MICE | Tours","article_publisher":"https:\/\/www.facebook.com\/VDMGlobalDMC\/","article_modified_time":"2024-06-10T20:29:43+00:00","og_image":[{"width":900,"height":651,"url":"https:\/\/vdmglobal.com\/wp-content\/uploads\/2016\/08\/Logo_VDM_300dpi_grand.jpg","type":"image\/jpeg"}],"twitter_card":"summary_large_image","twitter_misc":{"Est. reading time":"7 minutes"},"schema":{"@context":"https:\/\/schema.org","@graph":[{"@type":"WebPage","@id":"https:\/\/vdmglobal.com\/en\/about\/","url":"https:\/\/vdmglobal.com\/en\/about\/","name":"About VDM Global DMC - Our passions: tourism and travel DMC | MICE | Tours","isPartOf":{"@id":"https:\/\/vdmglobal.com\/en\/#website"},"datePublished":"2016-05-16T01:40:40+00:00","dateModified":"2024-06-10T20:29:43+00:00","description":"About VDM Global DMC: Our dedication and our comprehensive knowledge of the tourism and events product are the key to our constant development.","breadcrumb":{"@id":"https:\/\/vdmglobal.com\/en\/about\/#breadcrumb"},"inLanguage":"en-US","potentialAction":[{"@type":"ReadAction","target":["https:\/\/vdmglobal.com\/en\/about\/"]}]},{"@type":"BreadcrumbList","@id":"https:\/\/vdmglobal.com\/en\/about\/#breadcrumb","itemListElement":[{"@type":"ListItem","position":1,"name":"Accueil","item":"https:\/\/vdmglobal.com\/en\/"},{"@type":"ListItem","position":2,"name":"About"}]},{"@type":"WebSite","@id":"https:\/\/vdmglobal.com\/en\/#website","url":"https:\/\/vdmglobal.com\/en\/","name":"VDM Global | DMC | MICE | Tours","description":"Your partner in organizing the most spectacular events in Montreal, Ottawa, Toronto, Vancouver &amp; San Francisco","publisher":{"@id":"https:\/\/vdmglobal.com\/en\/#organization"},"potentialAction":[{"@type":"SearchAction","target":{"@type":"EntryPoint","urlTemplate":"https:\/\/vdmglobal.com\/en\/?s={search_term_string}"},"query-input":{"@type":"PropertyValueSpecification","valueRequired":true,"valueName":"search_term_string"}}],"inLanguage":"en-US"},{"@type":"Organization","@id":"https:\/\/vdmglobal.com\/en\/#organization","name":"VDM Global","url":"https:\/\/vdmglobal.com\/en\/","logo":{"@type":"ImageObject","inLanguage":"en-US","@id":"https:\/\/vdmglobal.com\/en\/#\/schema\/logo\/image\/","url":"https:\/\/vdmglobal.com\/wp-content\/uploads\/2016\/04\/icones_accueil_VDM-concierge.png","contentUrl":"https:\/\/vdmglobal.com\/wp-content\/uploads\/2016\/04\/icones_accueil_VDM-concierge.png","width":216,"height":216,"caption":"VDM Global"},"image":{"@id":"https:\/\/vdmglobal.com\/en\/#\/schema\/logo\/image\/"},"sameAs":["https:\/\/www.facebook.com\/VDMGlobalDMC\/","https:\/\/www.linkedin.com\/company\/3788289"]}]}},"_links":{"self":[{"href":"https:\/\/vdmglobal.com\/en\/wp-json\/wp\/v2\/pages\/1912","targetHints":{"allow":["GET"]}}],"collection":[{"href":"https:\/\/vdmglobal.com\/en\/wp-json\/wp\/v2\/pages"}],"about":[{"href":"https:\/\/vdmglobal.com\/en\/wp-json\/wp\/v2\/types\/page"}],"author":[{"embeddable":true,"href":"https:\/\/vdmglobal.com\/en\/wp-json\/wp\/v2\/users\/4"}],"replies":[{"embeddable":true,"href":"https:\/\/vdmglobal.com\/en\/wp-json\/wp\/v2\/comments?post=1912"}],"version-history":[{"count":25,"href":"https:\/\/vdmglobal.com\/en\/wp-json\/wp\/v2\/pages\/1912\/revisions"}],"predecessor-version":[{"id":3620,"href":"https:\/\/vdmglobal.com\/en\/wp-json\/wp\/v2\/pages\/1912\/revisions\/3620"}],"wp:attachment":[{"href":"https:\/\/vdmglobal.com\/en\/wp-json\/wp\/v2\/media?parent=1912"}],"curies":[{"name":"wp","href":"https:\/\/api.w.org\/{rel}","templated":true}]}}